{"id":1378,"date":"2017-09-06T14:41:57","date_gmt":"2017-09-06T12:41:57","guid":{"rendered":"https:\/\/www.3g.cz\/?page_id=1378\/"},"modified":"2019-02-23T23:23:38","modified_gmt":"2019-02-23T22:23:38","slug":"elaboration-of-geodetic-documentation-of-real-execution","status":"publish","type":"page","link":"https:\/\/www.3g.cz\/en\/our-services\/elaboration-of-geodetic-documentation-of-real-execution\/","title":{"rendered":"Underground services surveys"},"content":{"rendered":"<ul>\n<li>as-built documentation according to administrators regulations<\/li>\n<li>geographic location of underground utilities, 2D or 3D plans<\/li>\n<\/ul>\n<p>The complete documentation is elaborated according to clients instrucions, f.e.<\/p>\n<ul>\n<li>Pra\u017esk\u00e1 tepl\u00e1rensk\u00e1 a.s.<\/li>\n<li>Pra\u017esk\u00e1 Energetika a.s.<\/li>\n<li>TSK Praha &#8211; documentation of traffic signalling networks<\/li>\n<li>PVK a.s. &#8211; documentation of sewer systems and water mains<\/li>\n<li>Pra\u017esk\u00e1 plyn\u00e1rensk\u00e1 a.s. &#8211; documentation<\/li>\n<li>STE a.s. &#8211; documentation<\/li>\n<li>Telef\u00f3nica O2 Czech Republic, a.s.<\/li>\n<\/ul>\n<div id=\"attachment_1016\" style=\"width: 510px\" class=\"wp-caption alignnone\"><img loading=\"lazy\" decoding=\"async\" aria-describedby=\"caption-attachment-1016\" class=\"wp-image-1016 size-full\" src=\"https:\/\/www.3g.cz\/wp-content\/uploads\/2017\/07\/tdis-e1501655248818.jpg\" alt=\"Reconstruction of PTV Ohradn\u00ed-Na Str\u017ei, Praha Nusle, 2014\" width=\"500\" height=\"493\" srcset=\"https:\/\/www.3g.cz\/wp-content\/uploads\/2017\/07\/tdis-e1501655248818.jpg 500w, https:\/\/www.3g.cz\/wp-content\/uploads\/2017\/07\/tdis-e1501655248818-300x296.jpg 300w\" sizes=\"auto, (max-width: 500px) 100vw, 500px\" \/><p id=\"caption-attachment-1016\" class=\"wp-caption-text\">Reconstruction of PTV Ohradn\u00ed-Na Str\u017ei,<br \/> Praha Nusle, 2014<\/p><\/div>\n<p><a class=\"btn-yellow\" href=\"https:\/\/www.3g.cz\/en\/contact\/#kontakt\">Contact us<\/a><\/p>\n","protected":false},"excerpt":{"rendered":"<p>as-built documentation according to administrators regulations geographic location of underground utilities, 2D or 3D plans The complete documentation is elaborated according to clients instrucions, f.e. Pra\u017esk\u00e1 tepl\u00e1rensk\u00e1 a.s. Pra\u017esk\u00e1 Energetika a.s. TSK Praha &#8211; documentation of traffic signalling networks PVK a.s. &#8211; documentation of sewer systems and water mains Pra\u017esk\u00e1 plyn\u00e1rensk\u00e1 a.s. &#8211; documentation STE [&hellip;]<\/p>\n","protected":false},"author":1,"featured_media":0,"parent":1338,"menu_order":9,"comment_status":"closed","ping_status":"closed","template":"","meta":{"footnotes":""},"class_list":["post-1378","page","type-page","status-publish","hentry"],"acf":[],"_links":{"self":[{"href":"https:\/\/www.3g.cz\/en\/wp-json\/wp\/v2\/pages\/1378","targetHints":{"allow":["GET"]}}],"collection":[{"href":"https:\/\/www.3g.cz\/en\/wp-json\/wp\/v2\/pages"}],"about":[{"href":"https:\/\/www.3g.cz\/en\/wp-json\/wp\/v2\/types\/page"}],"author":[{"embeddable":true,"href":"https:\/\/www.3g.cz\/en\/wp-json\/wp\/v2\/users\/1"}],"replies":[{"embeddable":true,"href":"https:\/\/www.3g.cz\/en\/wp-json\/wp\/v2\/comments?post=1378"}],"version-history":[{"count":3,"href":"https:\/\/www.3g.cz\/en\/wp-json\/wp\/v2\/pages\/1378\/revisions"}],"predecessor-version":[{"id":20745,"href":"https:\/\/www.3g.cz\/en\/wp-json\/wp\/v2\/pages\/1378\/revisions\/20745"}],"up":[{"embeddable":true,"href":"https:\/\/www.3g.cz\/en\/wp-json\/wp\/v2\/pages\/1338"}],"wp:attachment":[{"href":"https:\/\/www.3g.cz\/en\/wp-json\/wp\/v2\/media?parent=1378"}],"curies":[{"name":"wp","href":"https:\/\/api.w.org\/{rel}","templated":true}]}}