{"id":1368,"date":"2017-09-06T14:16:20","date_gmt":"2017-09-06T12:16:20","guid":{"rendered":"https:\/\/www.3g.cz\/?page_id=1368\/"},"modified":"2019-02-23T23:19:04","modified_gmt":"2019-02-23T22:19:04","slug":"owners-statement","status":"publish","type":"page","link":"https:\/\/www.3g.cz\/en\/our-services\/owners-statement\/","title":{"rendered":"Residental and rental area measurements"},"content":{"rendered":"<ul>\n<li>surveying of the floor areas (residental, rental, offices)<\/li>\n<li>elaboration of the schemes for the owner\u00b4s statement according to goverment regulation<\/li>\n<li>callculation of the floor area according to various method (GIF, DIN&#8230;)<\/li>\n<\/ul>\n<div id=\"attachment_190\" style=\"width: 250px\" class=\"wp-caption alignnone\"><a href=\"\/wp-content\/uploads\/2017\/07\/prohlaseni-vlastnika.pdf\"><img loading=\"lazy\" decoding=\"async\" aria-describedby=\"caption-attachment-190\" class=\"wp-image-190 size-full\" src=\"https:\/\/www.3g.cz\/wp-content\/uploads\/2017\/07\/prohlaseni-vlastnika.jpg\" alt=\"Prohl\u00e1\u0161en\u00ed vlastn\u00edka\" width=\"240\" height=\"194\" \/><\/a><p id=\"caption-attachment-190\" class=\"wp-caption-text\">Owner\u00b4s statement of the new construction of the dwelling house Britsk\u00e1 \u010dtvr\u0165, Praha, 2014<\/p><\/div>\n<p><a class=\"btn-yellow\" href=\"https:\/\/www.3g.cz\/en\/contact\/#kontakt\">Contact us<\/a><\/p>\n","protected":false},"excerpt":{"rendered":"<p>surveying of the floor areas (residental, rental, offices) elaboration of the schemes for the owner\u00b4s statement according to goverment regulation callculation of the floor area according to various method (GIF, DIN&#8230;) Contact us<\/p>\n","protected":false},"author":1,"featured_media":0,"parent":1338,"menu_order":7,"comment_status":"closed","ping_status":"closed","template":"","meta":{"footnotes":""},"class_list":["post-1368","page","type-page","status-publish","hentry"],"acf":[],"_links":{"self":[{"href":"https:\/\/www.3g.cz\/en\/wp-json\/wp\/v2\/pages\/1368","targetHints":{"allow":["GET"]}}],"collection":[{"href":"https:\/\/www.3g.cz\/en\/wp-json\/wp\/v2\/pages"}],"about":[{"href":"https:\/\/www.3g.cz\/en\/wp-json\/wp\/v2\/types\/page"}],"author":[{"embeddable":true,"href":"https:\/\/www.3g.cz\/en\/wp-json\/wp\/v2\/users\/1"}],"replies":[{"embeddable":true,"href":"https:\/\/www.3g.cz\/en\/wp-json\/wp\/v2\/comments?post=1368"}],"version-history":[{"count":4,"href":"https:\/\/www.3g.cz\/en\/wp-json\/wp\/v2\/pages\/1368\/revisions"}],"predecessor-version":[{"id":20743,"href":"https:\/\/www.3g.cz\/en\/wp-json\/wp\/v2\/pages\/1368\/revisions\/20743"}],"up":[{"embeddable":true,"href":"https:\/\/www.3g.cz\/en\/wp-json\/wp\/v2\/pages\/1338"}],"wp:attachment":[{"href":"https:\/\/www.3g.cz\/en\/wp-json\/wp\/v2\/media?parent=1368"}],"curies":[{"name":"wp","href":"https:\/\/api.w.org\/{rel}","templated":true}]}}