{"id":1366,"date":"2017-09-06T14:14:35","date_gmt":"2017-09-06T12:14:35","guid":{"rendered":"https:\/\/www.3g.cz\/?page_id=1366\/"},"modified":"2019-02-23T23:16:04","modified_gmt":"2019-02-23T22:16:04","slug":"papers-of-property-rights","status":"publish","type":"page","link":"https:\/\/www.3g.cz\/en\/our-services\/papers-of-property-rights\/","title":{"rendered":"Real estate reports"},"content":{"rendered":"<p>Provision of sets of information about land of interest, including elaboration of required information into plans of property rights according to clients\u00b4 wishes, e.g.:<\/p>\n<div id=\"attachment_767\" style=\"width: 330px\" class=\"wp-caption alignright\"><a href=\"\/wp-content\/uploads\/2017\/07\/me.pdf\"><img loading=\"lazy\" decoding=\"async\" aria-describedby=\"caption-attachment-767\" class=\"size-full wp-image-767\" src=\"https:\/\/www.3g.cz\/wp-content\/uploads\/2017\/07\/majetkopravni-elaboraty.png\" alt=\"Majetkopr\u00e1vn\u00ed elabor\u00e1ty\" width=\"320\" height=\"227\" srcset=\"https:\/\/www.3g.cz\/wp-content\/uploads\/2017\/07\/majetkopravni-elaboraty.png 320w, https:\/\/www.3g.cz\/wp-content\/uploads\/2017\/07\/majetkopravni-elaboraty-300x213.png 300w\" sizes=\"auto, (max-width: 320px) 100vw, 320px\" \/><\/a><p id=\"caption-attachment-767\" class=\"wp-caption-text\">Real estate report<br \/>Praha, 2016<\/p><\/div>\n<ul>\n<li>ownership relations including limitation of ownership rights<\/li>\n<li>municipial plans<\/li>\n<li>&#8220;PK&#8221; lots identifications<\/li>\n<li>underground buildings<\/li>\n<li>underground services networks<\/li>\n<li>protective zones<\/li>\n<\/ul>\n<p><a class=\"btn-yellow\" href=\"https:\/\/www.3g.cz\/en\/contact\/#kontakt\">Contact us<\/a><\/p>\n","protected":false},"excerpt":{"rendered":"<p>Provision of sets of information about land of interest, including elaboration of required information into plans of property rights according to clients\u00b4 wishes, e.g.: ownership relations including limitation of ownership rights municipial plans &#8220;PK&#8221; lots identifications underground buildings underground services networks protective zones Contact us<\/p>\n","protected":false},"author":1,"featured_media":0,"parent":1338,"menu_order":6,"comment_status":"closed","ping_status":"closed","template":"","meta":{"footnotes":""},"class_list":["post-1366","page","type-page","status-publish","hentry"],"acf":[],"_links":{"self":[{"href":"https:\/\/www.3g.cz\/en\/wp-json\/wp\/v2\/pages\/1366","targetHints":{"allow":["GET"]}}],"collection":[{"href":"https:\/\/www.3g.cz\/en\/wp-json\/wp\/v2\/pages"}],"about":[{"href":"https:\/\/www.3g.cz\/en\/wp-json\/wp\/v2\/types\/page"}],"author":[{"embeddable":true,"href":"https:\/\/www.3g.cz\/en\/wp-json\/wp\/v2\/users\/1"}],"replies":[{"embeddable":true,"href":"https:\/\/www.3g.cz\/en\/wp-json\/wp\/v2\/comments?post=1366"}],"version-history":[{"count":4,"href":"https:\/\/www.3g.cz\/en\/wp-json\/wp\/v2\/pages\/1366\/revisions"}],"predecessor-version":[{"id":20740,"href":"https:\/\/www.3g.cz\/en\/wp-json\/wp\/v2\/pages\/1366\/revisions\/20740"}],"up":[{"embeddable":true,"href":"https:\/\/www.3g.cz\/en\/wp-json\/wp\/v2\/pages\/1338"}],"wp:attachment":[{"href":"https:\/\/www.3g.cz\/en\/wp-json\/wp\/v2\/media?parent=1366"}],"curies":[{"name":"wp","href":"https:\/\/api.w.org\/{rel}","templated":true}]}}