{"id":1364,"date":"2017-09-06T14:11:17","date_gmt":"2017-09-06T12:11:17","guid":{"rendered":"https:\/\/www.3g.cz\/?page_id=1364\/"},"modified":"2019-02-23T22:54:38","modified_gmt":"2019-02-23T21:54:38","slug":"geometrical-plans","status":"publish","type":"page","link":"https:\/\/www.3g.cz\/en\/our-services\/geometrical-plans\/","title":{"rendered":"Land cadastre survey"},"content":{"rendered":"<h2>Elaboration of geometrical plans (GP)<\/h2>\n<ul>\n<li>GP for the division of building plots<\/li>\n<li>GP for the construction approval (f.e. buildings, roads&#8230;)<\/li>\n<li>GP for the &#8220;PK&#8221; lots<\/li>\n<li>GP for the easement (f.e. underground utilities, access road&#8230;)<\/li>\n<\/ul>\n<div id=\"attachment_183\" style=\"width: 222px\" class=\"wp-caption alignnone\"><a href=\"\/wp-content\/uploads\/2017\/07\/investori-geometricky-plan-2.pdf\"><img loading=\"lazy\" decoding=\"async\" aria-describedby=\"caption-attachment-183\" class=\"wp-image-183 size-full\" src=\"https:\/\/www.3g.cz\/wp-content\/uploads\/2017\/07\/investori-geometricky-plan-2_small.jpg\" alt=\"Vyty\u010dov\u00e1n\u00ed hranic pozemk\u016f\" width=\"212\" height=\"300\" \/><\/a><p id=\"caption-attachment-183\" class=\"wp-caption-text\">Geometrical plan for division plots for building family houses Kyje, Praha, 2014<\/p><\/div>\n<p><a class=\"btn-yellow\" href=\"https:\/\/www.3g.cz\/en\/contact\/#kontakt\">Contact us<\/a><\/p>\n","protected":false},"excerpt":{"rendered":"<p>Elaboration of geometrical plans (GP) GP for the division of building plots GP for the construction approval (f.e. buildings, roads&#8230;) GP for the &#8220;PK&#8221; lots GP for the easement (f.e. underground utilities, access road&#8230;) Contact us<\/p>\n","protected":false},"author":1,"featured_media":0,"parent":1338,"menu_order":5,"comment_status":"closed","ping_status":"closed","template":"","meta":{"footnotes":""},"class_list":["post-1364","page","type-page","status-publish","hentry"],"acf":[],"_links":{"self":[{"href":"https:\/\/www.3g.cz\/en\/wp-json\/wp\/v2\/pages\/1364","targetHints":{"allow":["GET"]}}],"collection":[{"href":"https:\/\/www.3g.cz\/en\/wp-json\/wp\/v2\/pages"}],"about":[{"href":"https:\/\/www.3g.cz\/en\/wp-json\/wp\/v2\/types\/page"}],"author":[{"embeddable":true,"href":"https:\/\/www.3g.cz\/en\/wp-json\/wp\/v2\/users\/1"}],"replies":[{"embeddable":true,"href":"https:\/\/www.3g.cz\/en\/wp-json\/wp\/v2\/comments?post=1364"}],"version-history":[{"count":6,"href":"https:\/\/www.3g.cz\/en\/wp-json\/wp\/v2\/pages\/1364\/revisions"}],"predecessor-version":[{"id":20730,"href":"https:\/\/www.3g.cz\/en\/wp-json\/wp\/v2\/pages\/1364\/revisions\/20730"}],"up":[{"embeddable":true,"href":"https:\/\/www.3g.cz\/en\/wp-json\/wp\/v2\/pages\/1338"}],"wp:attachment":[{"href":"https:\/\/www.3g.cz\/en\/wp-json\/wp\/v2\/media?parent=1364"}],"curies":[{"name":"wp","href":"https:\/\/api.w.org\/{rel}","templated":true}]}}