{"id":1362,"date":"2017-09-06T14:01:22","date_gmt":"2017-09-06T12:01:22","guid":{"rendered":"https:\/\/www.3g.cz\/?page_id=1362\/"},"modified":"2022-03-02T17:19:11","modified_gmt":"2022-03-02T16:19:11","slug":"insurance-of-professional-responsibility","status":"publish","type":"page","link":"https:\/\/www.3g.cz\/en\/about-us\/insurance-of-professional-responsibility\/","title":{"rendered":"Insurance of professional responsibility"},"content":{"rendered":"<p>For higher security of its clients the company has concluded insurance of professional responsibility\u00a0 with the Generali \u010cesk\u00e1 poji\u0161\u0165ovna a.s. insurance company up to the amount of <strong>20,000,000.- CZK<\/strong><\/p>\n<p><img loading=\"lazy\" decoding=\"async\" class=\"alignnone  wp-image-21069\" src=\"https:\/\/www.3g.cz\/wp-content\/uploads\/2022\/03\/pojistka-212x300.jpg\" alt=\"\" width=\"432\" height=\"611\" srcset=\"https:\/\/www.3g.cz\/wp-content\/uploads\/2022\/03\/pojistka-212x300.jpg 212w, https:\/\/www.3g.cz\/wp-content\/uploads\/2022\/03\/pojistka-724x1024.jpg 724w, https:\/\/www.3g.cz\/wp-content\/uploads\/2022\/03\/pojistka-768x1086.jpg 768w, https:\/\/www.3g.cz\/wp-content\/uploads\/2022\/03\/pojistka-1086x1536.jpg 1086w, https:\/\/www.3g.cz\/wp-content\/uploads\/2022\/03\/pojistka-1448x2048.jpg 1448w, https:\/\/www.3g.cz\/wp-content\/uploads\/2022\/03\/pojistka-scaled.jpg 1810w\" sizes=\"auto, (max-width: 432px) 100vw, 432px\" \/><\/p>\n<p>&nbsp;<\/p>\n","protected":false},"excerpt":{"rendered":"<p>For higher security of its clients the company has concluded insurance of professional responsibility\u00a0 with the Generali \u010cesk\u00e1 poji\u0161\u0165ovna a.s. insurance company up to the amount of 20,000,000.- CZK &nbsp;<\/p>\n","protected":false},"author":1,"featured_media":0,"parent":118,"menu_order":3,"comment_status":"closed","ping_status":"closed","template":"","meta":{"footnotes":""},"class_list":["post-1362","page","type-page","status-publish","hentry"],"acf":[],"_links":{"self":[{"href":"https:\/\/www.3g.cz\/en\/wp-json\/wp\/v2\/pages\/1362","targetHints":{"allow":["GET"]}}],"collection":[{"href":"https:\/\/www.3g.cz\/en\/wp-json\/wp\/v2\/pages"}],"about":[{"href":"https:\/\/www.3g.cz\/en\/wp-json\/wp\/v2\/types\/page"}],"author":[{"embeddable":true,"href":"https:\/\/www.3g.cz\/en\/wp-json\/wp\/v2\/users\/1"}],"replies":[{"embeddable":true,"href":"https:\/\/www.3g.cz\/en\/wp-json\/wp\/v2\/comments?post=1362"}],"version-history":[{"count":3,"href":"https:\/\/www.3g.cz\/en\/wp-json\/wp\/v2\/pages\/1362\/revisions"}],"predecessor-version":[{"id":21074,"href":"https:\/\/www.3g.cz\/en\/wp-json\/wp\/v2\/pages\/1362\/revisions\/21074"}],"up":[{"embeddable":true,"href":"https:\/\/www.3g.cz\/en\/wp-json\/wp\/v2\/pages\/118"}],"wp:attachment":[{"href":"https:\/\/www.3g.cz\/en\/wp-json\/wp\/v2\/media?parent=1362"}],"curies":[{"name":"wp","href":"https:\/\/api.w.org\/{rel}","templated":true}]}}