{"id":1360,"date":"2017-09-06T13:58:14","date_gmt":"2017-09-06T11:58:14","guid":{"rendered":"https:\/\/www.3g.cz\/?page_id=1360\/"},"modified":"2024-12-19T15:55:01","modified_gmt":"2024-12-19T14:55:01","slug":"professional-qualification","status":"publish","type":"page","link":"https:\/\/www.3g.cz\/en\/about-us\/professional-qualification\/","title":{"rendered":"Professional qualification"},"content":{"rendered":"<h2>The company employs 28 qualified professionals in permanent employment, i.e.:<\/h2>\n<ul>\n<li><strong>14 professionals<\/strong> having secondary school education in geodesy<\/li>\n<li><strong>12 professionals<\/strong> graduated at university of geodesy, 6 licenced surveyors (AZI)<\/li>\n<\/ul>\n<h3>\u00a0Specialists with licence for authorization (UOZI)<\/h3>\n<ul class=\"mensi\">\n<li><strong>Pavel Kuba MSc.<\/strong> authorization No. 1<\/li>\n<li><strong>Jan Duda MSc.<\/strong> authorization No. 2433<\/li>\n<li><strong>Milada Jel\u00ednkov\u00e1 MSc.<\/strong> authorization No. 2480<\/li>\n<li><strong>Lucie Kn\u00ed\u017ekov\u00e1 MSc. <\/strong>authorization No. 2963<\/li>\n<li><strong>Jan Dolista Msc. <\/strong>authorization No. 3013<\/li>\n<li><strong>Marie Vel\u00ed\u0161kov\u00e1 Msc.<\/strong><\/li>\n<\/ul>\n","protected":false},"excerpt":{"rendered":"<p>The company employs 28 qualified professionals in permanent employment, i.e.: 14 professionals having secondary school education in geodesy 12 professionals graduated at university of geodesy, 6 licenced surveyors (AZI) \u00a0Specialists with licence for authorization (UOZI) Pavel Kuba MSc. authorization No. 1 Jan Duda MSc. authorization No. 2433 Milada Jel\u00ednkov\u00e1 MSc. authorization No. 2480 Lucie Kn\u00ed\u017ekov\u00e1 [&hellip;]<\/p>\n","protected":false},"author":1,"featured_media":0,"parent":118,"menu_order":2,"comment_status":"closed","ping_status":"closed","template":"","meta":{"footnotes":""},"class_list":["post-1360","page","type-page","status-publish","hentry"],"acf":[],"_links":{"self":[{"href":"https:\/\/www.3g.cz\/en\/wp-json\/wp\/v2\/pages\/1360","targetHints":{"allow":["GET"]}}],"collection":[{"href":"https:\/\/www.3g.cz\/en\/wp-json\/wp\/v2\/pages"}],"about":[{"href":"https:\/\/www.3g.cz\/en\/wp-json\/wp\/v2\/types\/page"}],"author":[{"embeddable":true,"href":"https:\/\/www.3g.cz\/en\/wp-json\/wp\/v2\/users\/1"}],"replies":[{"embeddable":true,"href":"https:\/\/www.3g.cz\/en\/wp-json\/wp\/v2\/comments?post=1360"}],"version-history":[{"count":8,"href":"https:\/\/www.3g.cz\/en\/wp-json\/wp\/v2\/pages\/1360\/revisions"}],"predecessor-version":[{"id":21698,"href":"https:\/\/www.3g.cz\/en\/wp-json\/wp\/v2\/pages\/1360\/revisions\/21698"}],"up":[{"embeddable":true,"href":"https:\/\/www.3g.cz\/en\/wp-json\/wp\/v2\/pages\/118"}],"wp:attachment":[{"href":"https:\/\/www.3g.cz\/en\/wp-json\/wp\/v2\/media?parent=1360"}],"curies":[{"name":"wp","href":"https:\/\/api.w.org\/{rel}","templated":true}]}}