{"id":1338,"date":"2017-08-15T22:57:54","date_gmt":"2017-08-15T20:57:54","guid":{"rendered":"http:\/\/3g.cz.uvirt62.active24.cz\/?page_id=1338\/"},"modified":"2019-02-24T13:29:30","modified_gmt":"2019-02-24T12:29:30","slug":"our-services","status":"publish","type":"page","link":"https:\/\/www.3g.cz\/en\/our-services\/","title":{"rendered":"Services"},"content":{"rendered":"<div class='content-column one_third'><h2>For investors \/ developers<\/h2>\n<p><img loading=\"lazy\" decoding=\"async\" class=\"alignnone size-full wp-image-269\" src=\"https:\/\/www.3g.cz\/wp-content\/uploads\/2017\/06\/pro-investory.jpg\" alt=\"Pro investory \/ developery\" width=\"350\" height=\"211\" srcset=\"https:\/\/www.3g.cz\/wp-content\/uploads\/2017\/06\/pro-investory.jpg 350w, https:\/\/www.3g.cz\/wp-content\/uploads\/2017\/06\/pro-investory-300x181.jpg 300w\" sizes=\"auto, (max-width: 350px) 100vw, 350px\" \/><\/p>\n<ul>\n<li><a href=\"https:\/\/www.3g.cz\/en\/services\/documentation-for-designs\/\">Topographic survey<\/a><\/li>\n<li><a href=\"https:\/\/www.3g.cz\/en\/services\/3d-laser-scanning-land-and-aerial-photogrammetry\/\">3D laser scanning, land and aerial photogrammetry<\/a><\/li>\n<li><a href=\"https:\/\/www.3g.cz\/en\/services\/structural-technical-documentation-of-buildings-geodetical-and-structural-surveying\/\">Building documentation<\/a><\/li>\n<li><a href=\"https:\/\/www.3g.cz\/en\/services\/boundary-survey\/\">Boundary survey<\/a><\/li>\n<li><a href=\"https:\/\/www.3g.cz\/en\/services\/papers-of-property-rights\/\">Real estate reports<\/a><\/li>\n<li><a href=\"https:\/\/www.3g.cz\/en\/services\/geometrical-plans\/\">Geometrical plans<\/a><\/li>\n<li><a href=\"https:\/\/www.3g.cz\/en\/services\/owners-statement\/\">Residental and rental area measurements<\/a><\/li>\n<li><a href=\"https:\/\/www.3g.cz\/en\/services\/konzultace-v-oblasti-geodezie-a-katastru\/\">Consultations on geodesy and cadastre<\/a><\/li>\n<\/ul><\/div><div class='content-column one_third'><h2>For building companies<\/h2>\n<p><img loading=\"lazy\" decoding=\"async\" class=\"alignnone size-full wp-image-282\" src=\"https:\/\/www.3g.cz\/wp-content\/uploads\/2017\/06\/pro-stavebni-firmy.jpg\" alt=\"Pro stavebn\u00ed firmy\" width=\"350\" height=\"211\" srcset=\"https:\/\/www.3g.cz\/wp-content\/uploads\/2017\/06\/pro-stavebni-firmy.jpg 350w, https:\/\/www.3g.cz\/wp-content\/uploads\/2017\/06\/pro-stavebni-firmy-300x181.jpg 300w\" sizes=\"auto, (max-width: 350px) 100vw, 350px\" \/><\/p>\n<ul>\n<li><a href=\"https:\/\/www.3g.cz\/en\/building-companies\/\">Site engineers services (engineering surveying)<\/a><\/li>\n<li><a href=\"https:\/\/www.3g.cz\/en\/services\/3d-laser-scanning-land-and-aerial-photogrammetry\/\">3D laser scanning, land and aerial photogrammetry<\/a><\/li>\n<li><a href=\"https:\/\/www.3g.cz\/en\/elaboration-of-geodetic-documentation-of-real-execution\/\">Underground services surveys<\/a><\/li>\n<li><a href=\"https:\/\/www.3g.cz\/en\/konzultace-v-oblasti-geodezie-a-katastru\/\">Consultations on geodesy and cadastre<\/a><\/li>\n<\/ul><\/div><div class='content-column one_third last_column'><h2>For designers<\/h2>\n<p><img loading=\"lazy\" decoding=\"async\" class=\"alignnone size-full wp-image-278\" src=\"https:\/\/www.3g.cz\/wp-content\/uploads\/2017\/06\/pro-projektatnty.jpg\" alt=\"Pro projektanty\" width=\"350\" height=\"211\" srcset=\"https:\/\/www.3g.cz\/wp-content\/uploads\/2017\/06\/pro-projektatnty.jpg 350w, https:\/\/www.3g.cz\/wp-content\/uploads\/2017\/06\/pro-projektatnty-300x181.jpg 300w\" sizes=\"auto, (max-width: 350px) 100vw, 350px\" \/><\/p>\n<ul>\n<li><a href=\"https:\/\/www.3g.cz\/en\/services\/3d-laser-scanning-land-and-aerial-photogrammetry\/\">3D laser scanning, land and aerial photogrammetry<\/a><\/li>\n<li><a href=\"https:\/\/www.3g.cz\/en\/documentation-for-designs\/\">Topographic survey<\/a><\/li>\n<li><a href=\"https:\/\/www.3g.cz\/en\/structural-technical-documentation-of-buildings-geodetical-and-structural-surveying\/\">Building documentation<\/a><\/li>\n<li><a href=\"https:\/\/www.3g.cz\/en\/konzultace-v-oblasti-geodezie-a-katastru\/\">Consultations on geodesy and cadastre<\/a><\/li>\n<\/ul><\/div><div class='clear_column'><\/div><\/p>\n<div class='content-column one_third'><h2>For underground utilities administrators<\/h2>\n<p><img loading=\"lazy\" decoding=\"async\" class=\"alignnone size-full wp-image-280\" src=\"https:\/\/www.3g.cz\/wp-content\/uploads\/2017\/06\/pro-spravce-siti.jpg\" alt=\"Pro spr\u00e1vce in\u017een\u00fdrsk\u00fdch s\u00edt\u00ed\" width=\"350\" height=\"211\" srcset=\"https:\/\/www.3g.cz\/wp-content\/uploads\/2017\/06\/pro-spravce-siti.jpg 350w, https:\/\/www.3g.cz\/wp-content\/uploads\/2017\/06\/pro-spravce-siti-300x181.jpg 300w\" sizes=\"auto, (max-width: 350px) 100vw, 350px\" \/><\/p>\n<ul>\n<li><a href=\"https:\/\/www.3g.cz\/en\/elaboration-of-geodetic-documentation-of-real-execution\/\">Underground services surveys<\/a><\/li>\n<li><a href=\"https:\/\/www.3g.cz\/en\/konzultace-v-oblasti-geodezie-a-katastru\/\">Consultations on geodesy and cadastre<\/a><\/li>\n<li><a href=\"https:\/\/www.3g.cz\/en\/services\/3d-laser-scanning-land-and-aerial-photogrammetry\/\">3D laser scanning, land and aerial photogrammetry<\/a><\/li>\n<\/ul><\/div><div class='content-column one_third'><h2>For citizens \/ public<\/h2>\n<p>&nbsp;<\/p>\n<p><img loading=\"lazy\" decoding=\"async\" class=\"alignnone size-full wp-image-284\" src=\"https:\/\/www.3g.cz\/wp-content\/uploads\/2017\/06\/pro-verejnost.jpg\" alt=\"Pro ob\u010dany \/ ve\u0159ejnost\" width=\"350\" height=\"211\" srcset=\"https:\/\/www.3g.cz\/wp-content\/uploads\/2017\/06\/pro-verejnost.jpg 350w, https:\/\/www.3g.cz\/wp-content\/uploads\/2017\/06\/pro-verejnost-300x181.jpg 300w\" sizes=\"auto, (max-width: 350px) 100vw, 350px\" \/><\/p>\n<ul>\n<li><a href=\"https:\/\/www.3g.cz\/en\/services\/boundary-survey\/\">Boundary survey<\/a><\/li>\n<li><a href=\"https:\/\/www.3g.cz\/en\/services\/geometrical-plans\/\">Geometrical plans<\/a><\/li>\n<li><a href=\"https:\/\/www.3g.cz\/en\/services\/konzultace-v-oblasti-geodezie-a-katastru\/\">Consultations on geodesy and cadastre<\/a><\/li>\n<\/ul><\/div><div class='content-column one_third last_column'><\/div><div class='clear_column'><\/div><\/p>\n","protected":false},"excerpt":{"rendered":"","protected":false},"author":1,"featured_media":0,"parent":0,"menu_order":21,"comment_status":"closed","ping_status":"closed","template":"","meta":{"footnotes":""},"class_list":["post-1338","page","type-page","status-publish","hentry"],"acf":[],"_links":{"self":[{"href":"https:\/\/www.3g.cz\/en\/wp-json\/wp\/v2\/pages\/1338","targetHints":{"allow":["GET"]}}],"collection":[{"href":"https:\/\/www.3g.cz\/en\/wp-json\/wp\/v2\/pages"}],"about":[{"href":"https:\/\/www.3g.cz\/en\/wp-json\/wp\/v2\/types\/page"}],"author":[{"embeddable":true,"href":"https:\/\/www.3g.cz\/en\/wp-json\/wp\/v2\/users\/1"}],"replies":[{"embeddable":true,"href":"https:\/\/www.3g.cz\/en\/wp-json\/wp\/v2\/comments?post=1338"}],"version-history":[{"count":19,"href":"https:\/\/www.3g.cz\/en\/wp-json\/wp\/v2\/pages\/1338\/revisions"}],"predecessor-version":[{"id":20768,"href":"https:\/\/www.3g.cz\/en\/wp-json\/wp\/v2\/pages\/1338\/revisions\/20768"}],"wp:attachment":[{"href":"https:\/\/www.3g.cz\/en\/wp-json\/wp\/v2\/media?parent=1338"}],"curies":[{"name":"wp","href":"https:\/\/api.w.org\/{rel}","templated":true}]}}